{"id":1001,"date":"2024-05-01T18:09:09","date_gmt":"2024-05-01T18:09:09","guid":{"rendered":"https:\/\/volcantrillizosgalapagos.com.ec\/site\/?post_type=product&#038;p=1001"},"modified":"2024-10-10T01:22:58","modified_gmt":"2024-10-10T01:22:58","slug":"snorkel-en-tuneles-cabo-rosa","status":"publish","type":"product","link":"https:\/\/volcantrillizosgalapagos.com.ec\/site\/producto\/snorkel-en-tuneles-cabo-rosa\/","title":{"rendered":"Snorkel en T\u00faneles (Cabo Rosa)"},"content":{"rendered":"<p>El tour empieza con una navegaci\u00f3n desde el muelle de Puerto Villamil hasta unas misteriosas formaciones rocosas llamadas Uni\u00f3n Rock. Desde la lancha puedes ver aves volando y otras descansando sobre las rocas. El paisaje se complementa con el sonido de un leve oleaje, dependiendo del viento y la marea. Conforme avanzamos y llegamos a Cabo Rosa, el color del agua se va tornando de un azul m\u00e1s intenso con leves variaciones de turquesa.<\/p>\n<p>Una vez arribamos al sitio, realizamos una peque\u00f1a caminata por las rocas de formaciones volc\u00e1nica donde observaremos los t\u00faneles de lava del sito, luego viene lo m\u00e1s ch\u00e9vere del tour que es Snorkling bajo el agua donde observaremos y nadamos con las mantarrayas, tiburones, tortugas marinas, caballo de mar, Ping\u00fcinos y las diferentes especies de las islas Gal\u00e1pagos<\/p>\n","protected":false},"excerpt":{"rendered":"<p>El tour empieza con una navegaci\u00f3n desde el muelle de Puerto Villamil hasta unas misteriosas formaciones rocosas llamadas Uni\u00f3n Rock. Desde la lancha puedes ver aves volando y otras descansando sobre las rocas. El paisaje se complementa con el sonido de un leve oleaje, dependiendo del viento y la marea. Conforme avanzamos y llegamos a [&hellip;]<\/p>\n","protected":false},"featured_media":200,"comment_status":"open","ping_status":"closed","template":"","meta":{"_acf_changed":false},"product_brand":[],"product_cat":[33],"product_tag":[],"class_list":{"0":"post-1001","1":"product","2":"type-product","3":"status-publish","4":"has-post-thumbnail","6":"product_cat-isla-isabela","8":"first","9":"instock","10":"virtual","11":"sold-individually","12":"purchasable","13":"product-type-booking"},"booking_location":"","booking_location_type":"","booking_duration":210,"booking_duration_unit":"minute","booking_buffer":0,"booking_cost":170,"booking_resources":[],"acf":[],"_links":{"self":[{"href":"https:\/\/volcantrillizosgalapagos.com.ec\/site\/wp-json\/wp\/v2\/product\/1001","targetHints":{"allow":["GET"]}}],"collection":[{"href":"https:\/\/volcantrillizosgalapagos.com.ec\/site\/wp-json\/wp\/v2\/product"}],"about":[{"href":"https:\/\/volcantrillizosgalapagos.com.ec\/site\/wp-json\/wp\/v2\/types\/product"}],"replies":[{"embeddable":true,"href":"https:\/\/volcantrillizosgalapagos.com.ec\/site\/wp-json\/wp\/v2\/comments?post=1001"}],"wp:featuredmedia":[{"embeddable":true,"href":"https:\/\/volcantrillizosgalapagos.com.ec\/site\/wp-json\/wp\/v2\/media\/200"}],"wp:attachment":[{"href":"https:\/\/volcantrillizosgalapagos.com.ec\/site\/wp-json\/wp\/v2\/media?parent=1001"}],"wp:term":[{"taxonomy":"product_brand","embeddable":true,"href":"https:\/\/volcantrillizosgalapagos.com.ec\/site\/wp-json\/wp\/v2\/product_brand?post=1001"},{"taxonomy":"product_cat","embeddable":true,"href":"https:\/\/volcantrillizosgalapagos.com.ec\/site\/wp-json\/wp\/v2\/product_cat?post=1001"},{"taxonomy":"product_tag","embeddable":true,"href":"https:\/\/volcantrillizosgalapagos.com.ec\/site\/wp-json\/wp\/v2\/product_tag?post=1001"}],"curies":[{"name":"wp","href":"https:\/\/api.w.org\/{rel}","templated":true}]}}