{"id":1002,"date":"2024-05-01T18:20:50","date_gmt":"2024-05-01T18:20:50","guid":{"rendered":"https:\/\/volcantrillizosgalapagos.com.ec\/site\/?post_type=product&#038;p=1002"},"modified":"2024-10-10T01:22:26","modified_gmt":"2024-10-10T01:22:26","slug":"volcan-sierra-negra","status":"publish","type":"product","link":"https:\/\/volcantrillizosgalapagos.com.ec\/site\/producto\/volcan-sierra-negra\/","title":{"rendered":"Volc\u00e1n Sierra Negra"},"content":{"rendered":"<p>El tour inicia temprano en la ma\u00f1ana (7:15 am),\u00a0<strong>te pasa recogiendo un bus o auto por el punto de encuentro, para llevarte al punto de partida\u00a0<\/strong>que est\u00e1 a 30 minutos de Puerto Villamil, donde inicia el sendero que lleva al volc\u00e1n (caminata 16 km).<\/p>\n<p>La caminata dura unas 5 horas y la mayor\u00eda del trayecto es plano, con pocas subidas y bajadas.\u00a0<strong>A pesar de que te dan un boxlunch, es necesario llevar m\u00ednimo un litro de agua porque el sol es muy fuerte<\/strong>\u00a0y reserva agua para el regreso.<\/p>\n<p><strong>Durante la traves\u00eda hay cinco paradas:<\/strong>\u00a0al inicio se hacen dos paradas, para hacer toma panor\u00e1mica del cr\u00e1ter del volc\u00e1n, una m\u00e1s en el volc\u00e1n chico y dos paradas m\u00e1s para comer e hidratarse.<\/p>\n<p>Cuando vas entrando al volc\u00e1n chico, que est\u00e1 dentro del cr\u00e1ter del Volc\u00e1n,\u00a0<strong>te dar\u00e1s cuenta que a\u00fan est\u00e1 activo y muchas fumarolas se sienten calientes al meter la mano.<\/strong>\u00a0Al final del recorrido llegas a uno de los miradores m\u00e1s fascinante, donde de seguro pensar\u00e1s que est\u00e1s en otro planeta.<\/p>\n","protected":false},"excerpt":{"rendered":"<p>El tour inicia temprano en la ma\u00f1ana (7:15 am),\u00a0te pasa recogiendo un bus o auto por el punto de encuentro, para llevarte al punto de partida\u00a0que est\u00e1 a 30 minutos de Puerto Villamil, donde inicia el sendero que lleva al volc\u00e1n (caminata 16 km). La caminata dura unas 5 horas y la mayor\u00eda del trayecto [&hellip;]<\/p>\n","protected":false},"featured_media":434,"comment_status":"open","ping_status":"closed","template":"","meta":{"_acf_changed":false},"product_brand":[],"product_cat":[33],"product_tag":[],"class_list":{"0":"post-1002","1":"product","2":"type-product","3":"status-publish","4":"has-post-thumbnail","6":"product_cat-isla-isabela","8":"first","9":"instock","10":"virtual","11":"sold-individually","12":"purchasable","13":"product-type-booking"},"booking_location":"","booking_location_type":"","booking_duration":1,"booking_duration_unit":"day","booking_buffer":0,"booking_cost":60,"booking_resources":[],"acf":[],"_links":{"self":[{"href":"https:\/\/volcantrillizosgalapagos.com.ec\/site\/wp-json\/wp\/v2\/product\/1002","targetHints":{"allow":["GET"]}}],"collection":[{"href":"https:\/\/volcantrillizosgalapagos.com.ec\/site\/wp-json\/wp\/v2\/product"}],"about":[{"href":"https:\/\/volcantrillizosgalapagos.com.ec\/site\/wp-json\/wp\/v2\/types\/product"}],"replies":[{"embeddable":true,"href":"https:\/\/volcantrillizosgalapagos.com.ec\/site\/wp-json\/wp\/v2\/comments?post=1002"}],"wp:featuredmedia":[{"embeddable":true,"href":"https:\/\/volcantrillizosgalapagos.com.ec\/site\/wp-json\/wp\/v2\/media\/434"}],"wp:attachment":[{"href":"https:\/\/volcantrillizosgalapagos.com.ec\/site\/wp-json\/wp\/v2\/media?parent=1002"}],"wp:term":[{"taxonomy":"product_brand","embeddable":true,"href":"https:\/\/volcantrillizosgalapagos.com.ec\/site\/wp-json\/wp\/v2\/product_brand?post=1002"},{"taxonomy":"product_cat","embeddable":true,"href":"https:\/\/volcantrillizosgalapagos.com.ec\/site\/wp-json\/wp\/v2\/product_cat?post=1002"},{"taxonomy":"product_tag","embeddable":true,"href":"https:\/\/volcantrillizosgalapagos.com.ec\/site\/wp-json\/wp\/v2\/product_tag?post=1002"}],"curies":[{"name":"wp","href":"https:\/\/api.w.org\/{rel}","templated":true}]}}