{"id":1010,"date":"2024-05-01T19:18:05","date_gmt":"2024-05-01T19:18:05","guid":{"rendered":"https:\/\/volcantrillizosgalapagos.com.ec\/site\/?post_type=product&#038;p=1010"},"modified":"2024-05-07T02:43:37","modified_gmt":"2024-05-07T02:43:37","slug":"tour-isla-bartolome","status":"publish","type":"product","link":"https:\/\/volcantrillizosgalapagos.com.ec\/site\/producto\/tour-isla-bartolome\/","title":{"rendered":"Tour Isla Bartolom\u00e9"},"content":{"rendered":"<p><b>Reservar el tour al menos con 5 d\u00edas de anticipaci\u00f3n.<\/b><\/p>\n<p>Bartolom\u00e9 en Gal\u00e1pagos es una isla que ofrece algunos de los m\u00e1s hermosos paisajes en el archipi\u00e9lago. La isla consiste de un volc\u00e1n extinguido y una variedad de formaciones volc\u00e1nicas en colores rojo, naranja, verde, y negro brillante.<\/p>\n<p>Una vez que lleguemos a esta hermosa isla comenzaremos una peque\u00f1a caminata hasta el punto de vista m\u00e1s alto que ofrece la isla para disfrutar de la vista de 360 grados desde la parte superior. Aprenderemos sobre Bartolom\u00e9 y c\u00f3mo esta isla se considera joven seg\u00fan la composici\u00f3n geol\u00f3gica. Tambi\u00e9n visitaremos la Bah\u00eda Gemela separada por un sendero estrecho. Ac\u00e1 se encuentra la Roca Pin\u00e1culo.<\/p>\n<p>Despu\u00e9s de la caminata y el aprendizaje tendremos la oportunidad de disfrutar del snorkeling en esta zona con la fauna marina end\u00e9mica: rayas, tiburones, peces de arrecife, etc.<\/p>\n","protected":false},"excerpt":{"rendered":"<p>Reservar el tour al menos con 5 d\u00edas de anticipaci\u00f3n. Bartolom\u00e9 en Gal\u00e1pagos es una isla que ofrece algunos de los m\u00e1s hermosos paisajes en el archipi\u00e9lago. La isla consiste de un volc\u00e1n extinguido y una variedad de formaciones volc\u00e1nicas en colores rojo, naranja, verde, y negro brillante. Una vez que lleguemos a esta hermosa [&hellip;]<\/p>\n","protected":false},"featured_media":695,"comment_status":"open","ping_status":"closed","template":"","meta":{"_acf_changed":false},"product_brand":[],"product_cat":[34],"product_tag":[],"class_list":{"0":"post-1010","1":"product","2":"type-product","3":"status-publish","4":"has-post-thumbnail","6":"product_cat-isla-santa-cruz","8":"first","9":"instock","10":"virtual","11":"sold-individually","12":"purchasable","13":"product-type-booking"},"booking_location":"","booking_location_type":"","booking_duration":1,"booking_duration_unit":"day","booking_buffer":1,"booking_cost":400,"booking_resources":[],"acf":[],"_links":{"self":[{"href":"https:\/\/volcantrillizosgalapagos.com.ec\/site\/wp-json\/wp\/v2\/product\/1010","targetHints":{"allow":["GET"]}}],"collection":[{"href":"https:\/\/volcantrillizosgalapagos.com.ec\/site\/wp-json\/wp\/v2\/product"}],"about":[{"href":"https:\/\/volcantrillizosgalapagos.com.ec\/site\/wp-json\/wp\/v2\/types\/product"}],"replies":[{"embeddable":true,"href":"https:\/\/volcantrillizosgalapagos.com.ec\/site\/wp-json\/wp\/v2\/comments?post=1010"}],"wp:featuredmedia":[{"embeddable":true,"href":"https:\/\/volcantrillizosgalapagos.com.ec\/site\/wp-json\/wp\/v2\/media\/695"}],"wp:attachment":[{"href":"https:\/\/volcantrillizosgalapagos.com.ec\/site\/wp-json\/wp\/v2\/media?parent=1010"}],"wp:term":[{"taxonomy":"product_brand","embeddable":true,"href":"https:\/\/volcantrillizosgalapagos.com.ec\/site\/wp-json\/wp\/v2\/product_brand?post=1010"},{"taxonomy":"product_cat","embeddable":true,"href":"https:\/\/volcantrillizosgalapagos.com.ec\/site\/wp-json\/wp\/v2\/product_cat?post=1010"},{"taxonomy":"product_tag","embeddable":true,"href":"https:\/\/volcantrillizosgalapagos.com.ec\/site\/wp-json\/wp\/v2\/product_tag?post=1010"}],"curies":[{"name":"wp","href":"https:\/\/api.w.org\/{rel}","templated":true}]}}