{"id":1020,"date":"2024-05-01T21:45:55","date_gmt":"2024-05-01T21:45:55","guid":{"rendered":"https:\/\/volcantrillizosgalapagos.com.ec\/site\/?post_type=product&#038;p=1020"},"modified":"2024-05-07T02:53:29","modified_gmt":"2024-05-07T02:53:29","slug":"isla-santa-fe","status":"publish","type":"product","link":"https:\/\/volcantrillizosgalapagos.com.ec\/site\/producto\/isla-santa-fe\/","title":{"rendered":"Isla Santa F\u00e9"},"content":{"rendered":"<p>La actividad inicia con la prueba del wetsuit en la agencia, se re\u00fanen con el gu\u00eda y se dirigen al muelle. En la embarcaci\u00f3n navegan de 50 minutos a 1h, hacen el primer snorkel en la bah\u00eda con un arrecife de peces multicolores, tortugas marinas, manta rayas, lobos marinos, tintoreras y el avistamiento de piqueros patas azules, gaviotines, entre otras aves. Luego se navega hacia Playa Escondida para una caminata en la playa y relajaci\u00f3n, luego regresamos a la embarcaci\u00f3n para realizar pesca vivencial, para finalizar se da el almuerzo, se les entrega snack y se retorna a Puerto Ayora.<\/p>\n","protected":false},"excerpt":{"rendered":"<p>La actividad inicia con la prueba del wetsuit en la agencia, se re\u00fanen con el gu\u00eda y se dirigen al muelle. En la embarcaci\u00f3n navegan de 50 minutos a 1h, hacen el primer snorkel en la bah\u00eda con un arrecife de peces multicolores, tortugas marinas, manta rayas, lobos marinos, tintoreras y el avistamiento de piqueros [&hellip;]<\/p>\n","protected":false},"featured_media":721,"comment_status":"open","ping_status":"closed","template":"","meta":{"_acf_changed":false},"product_brand":[],"product_cat":[34],"product_tag":[],"class_list":{"0":"post-1020","1":"product","2":"type-product","3":"status-publish","4":"has-post-thumbnail","6":"product_cat-isla-santa-cruz","8":"first","9":"instock","10":"virtual","11":"sold-individually","12":"purchasable","13":"product-type-booking"},"booking_location":"","booking_location_type":"","booking_duration":1,"booking_duration_unit":"day","booking_buffer":1,"booking_cost":180,"booking_resources":[],"acf":[],"_links":{"self":[{"href":"https:\/\/volcantrillizosgalapagos.com.ec\/site\/wp-json\/wp\/v2\/product\/1020","targetHints":{"allow":["GET"]}}],"collection":[{"href":"https:\/\/volcantrillizosgalapagos.com.ec\/site\/wp-json\/wp\/v2\/product"}],"about":[{"href":"https:\/\/volcantrillizosgalapagos.com.ec\/site\/wp-json\/wp\/v2\/types\/product"}],"replies":[{"embeddable":true,"href":"https:\/\/volcantrillizosgalapagos.com.ec\/site\/wp-json\/wp\/v2\/comments?post=1020"}],"wp:featuredmedia":[{"embeddable":true,"href":"https:\/\/volcantrillizosgalapagos.com.ec\/site\/wp-json\/wp\/v2\/media\/721"}],"wp:attachment":[{"href":"https:\/\/volcantrillizosgalapagos.com.ec\/site\/wp-json\/wp\/v2\/media?parent=1020"}],"wp:term":[{"taxonomy":"product_brand","embeddable":true,"href":"https:\/\/volcantrillizosgalapagos.com.ec\/site\/wp-json\/wp\/v2\/product_brand?post=1020"},{"taxonomy":"product_cat","embeddable":true,"href":"https:\/\/volcantrillizosgalapagos.com.ec\/site\/wp-json\/wp\/v2\/product_cat?post=1020"},{"taxonomy":"product_tag","embeddable":true,"href":"https:\/\/volcantrillizosgalapagos.com.ec\/site\/wp-json\/wp\/v2\/product_tag?post=1020"}],"curies":[{"name":"wp","href":"https:\/\/api.w.org\/{rel}","templated":true}]}}