{"id":1032,"date":"2024-05-01T22:15:29","date_gmt":"2024-05-01T22:15:29","guid":{"rendered":"https:\/\/volcantrillizosgalapagos.com.ec\/site\/?post_type=product&#038;p=1032"},"modified":"2024-10-10T01:21:12","modified_gmt":"2024-10-10T01:21:12","slug":"full-day-volcan-trillizos-y-minas-de-azufre","status":"publish","type":"product","link":"https:\/\/volcantrillizosgalapagos.com.ec\/site\/producto\/full-day-volcan-trillizos-y-minas-de-azufre\/","title":{"rendered":"Volc\u00e1n Trillizos y Minas de Azufre"},"content":{"rendered":"<p>Salimos en la ma\u00f1ana con nuestro transporte y nos dirigimos al primer tour minas de azufre donde llegamos a la entrada y caminamos cerca de 2k hasta llegar al sitio donde hubo la erupci\u00f3n del volc\u00e1n y todav\u00eda se observa la fumarola que se origin\u00f3 al sitio.<\/p>\n<p>Minas de azufre son rocas creadas gracias al enfriamiento de los gases sulfurosos a trav\u00e9s de largas tuber\u00edas volc\u00e1nicas.<\/p>\n<p>Lo interesante de este sitio al estar totalmente despejado, es que nos permite observar el cr\u00e1ter del volc\u00e1n sierra negra y observar con claridad el cr\u00e1ter del volc\u00e1n minas de azufre.<\/p>\n<p>Luego de observar la flora y fauna del sitio, nos dirigimos al tour volc\u00e1n trillizos donde descendemos 105 metros de profundidad hasta llegar a los cr\u00e1teres volc\u00e1nico y observamos la erupci\u00f3n, l\u00edquenes y cuarzos que dan realce al sitio y sus vista que dan privilegio al cr\u00e1ter.<\/p>\n","protected":false},"excerpt":{"rendered":"<p>Salimos en la ma\u00f1ana con nuestro transporte y nos dirigimos al primer tour minas de azufre donde llegamos a la entrada y caminamos cerca de 2k hasta llegar al sitio donde hubo la erupci\u00f3n del volc\u00e1n y todav\u00eda se observa la fumarola que se origin\u00f3 al sitio. Minas de azufre son rocas creadas gracias al [&hellip;]<\/p>\n","protected":false},"featured_media":493,"comment_status":"open","ping_status":"closed","template":"","meta":{"_acf_changed":false},"product_brand":[],"product_cat":[41,33],"product_tag":[],"class_list":{"0":"post-1032","1":"product","2":"type-product","3":"status-publish","4":"has-post-thumbnail","6":"product_cat-full-day","7":"product_cat-isla-isabela","9":"first","10":"instock","11":"featured","12":"virtual","13":"sold-individually","14":"purchasable","15":"product-type-booking"},"booking_location":"","booking_location_type":"","booking_duration":1,"booking_duration_unit":"day","booking_buffer":0,"booking_cost":200,"booking_resources":[],"acf":[],"_links":{"self":[{"href":"https:\/\/volcantrillizosgalapagos.com.ec\/site\/wp-json\/wp\/v2\/product\/1032","targetHints":{"allow":["GET"]}}],"collection":[{"href":"https:\/\/volcantrillizosgalapagos.com.ec\/site\/wp-json\/wp\/v2\/product"}],"about":[{"href":"https:\/\/volcantrillizosgalapagos.com.ec\/site\/wp-json\/wp\/v2\/types\/product"}],"replies":[{"embeddable":true,"href":"https:\/\/volcantrillizosgalapagos.com.ec\/site\/wp-json\/wp\/v2\/comments?post=1032"}],"wp:featuredmedia":[{"embeddable":true,"href":"https:\/\/volcantrillizosgalapagos.com.ec\/site\/wp-json\/wp\/v2\/media\/493"}],"wp:attachment":[{"href":"https:\/\/volcantrillizosgalapagos.com.ec\/site\/wp-json\/wp\/v2\/media?parent=1032"}],"wp:term":[{"taxonomy":"product_brand","embeddable":true,"href":"https:\/\/volcantrillizosgalapagos.com.ec\/site\/wp-json\/wp\/v2\/product_brand?post=1032"},{"taxonomy":"product_cat","embeddable":true,"href":"https:\/\/volcantrillizosgalapagos.com.ec\/site\/wp-json\/wp\/v2\/product_cat?post=1032"},{"taxonomy":"product_tag","embeddable":true,"href":"https:\/\/volcantrillizosgalapagos.com.ec\/site\/wp-json\/wp\/v2\/product_tag?post=1032"}],"curies":[{"name":"wp","href":"https:\/\/api.w.org\/{rel}","templated":true}]}}