{"id":1075,"date":"2024-05-02T13:40:10","date_gmt":"2024-05-02T13:40:10","guid":{"rendered":"https:\/\/volcantrillizosgalapagos.com.ec\/site\/?post_type=product&#038;p=1075"},"modified":"2024-06-26T00:19:17","modified_gmt":"2024-06-26T00:19:17","slug":"isabela-santa-cruz","status":"publish","type":"product","link":"https:\/\/volcantrillizosgalapagos.com.ec\/site\/producto\/isabela-santa-cruz\/","title":{"rendered":"Isabela &#8211; Santa Cruz"},"content":{"rendered":"<p>Lancha en gal\u00e1pagos. Te ofrecemos el mejor servicio de transporte mar\u00edtimo en las Islas Gal\u00e1pagos.<\/p>\n<p><strong>Nota<\/strong>: Adicional se debe pagar taxi acu\u00e1tico para transporte entre el muelle \u2013 lancha y viceversa\u00a0 y muellaje. Valores var\u00edan en cada isla<\/p>\n<p><b>Lanchas de Cabotaje.<\/b><\/p>\n<p>Para transportarte entre las cuatro principales islas pobladas (Santa Cruz, San Crist\u00f3bal, Floreana e Isabela) tienes dos opciones:<\/p>\n<p>Lanchas de transporte de pasajeros:\u00a0Peque\u00f1as lanchas (de hasta 30 pasajeros) zarpan cada d\u00eda del muelle principal de cada Puerto poblado.<\/p>\n<table>\n<tbody>\n<tr>\n<td width=\"294\"><strong>Rutas<\/strong><\/td>\n<td width=\"294\"><strong>Horario (Salidas \u2013 Llegadas)<\/strong><\/td>\n<\/tr>\n<tr>\n<td width=\"294\">Santa cruz a Isabela<\/td>\n<td width=\"294\">7h00am \u2013 15h00pm<\/td>\n<\/tr>\n<tr>\n<td width=\"294\">Isabela a Santa cruz<\/td>\n<td width=\"294\">6h00am \u2013 15h00pm<\/td>\n<\/tr>\n<tr>\n<td width=\"294\">Santa cruz a San Crist\u00f3bal<\/td>\n<td width=\"294\">7h00am \u2013 15h00pm<\/td>\n<\/tr>\n<tr>\n<td width=\"294\">San Crist\u00f3bal \u2013 Santa cruz<\/td>\n<td width=\"294\">7h00am -15h00pm<\/td>\n<\/tr>\n<\/tbody>\n<\/table>\n<p>Estad\u00edstica del Viaje<\/p>\n<ul>\n<li>El viaje en lancha dura entre 2 a 3 horas, seg\u00fan condiciones del mar.<\/li>\n<li>Llegar media hora antes del viaje<\/li>\n<\/ul>\n","protected":false},"excerpt":{"rendered":"<p>Lancha en gal\u00e1pagos. Te ofrecemos el mejor servicio de transporte mar\u00edtimo en las Islas Gal\u00e1pagos. Nota: Adicional se debe pagar taxi acu\u00e1tico para transporte entre el muelle \u2013 lancha y viceversa\u00a0 y muellaje. Valores var\u00edan en cada isla Lanchas de Cabotaje. Para transportarte entre las cuatro principales islas pobladas (Santa Cruz, San Crist\u00f3bal, Floreana e [&hellip;]<\/p>\n","protected":false},"featured_media":531,"comment_status":"open","ping_status":"closed","template":"","meta":{"_acf_changed":false},"product_brand":[],"product_cat":[32],"product_tag":[],"class_list":{"0":"post-1075","1":"product","2":"type-product","3":"status-publish","4":"has-post-thumbnail","6":"product_cat-sin-categorizar","8":"first","9":"instock","10":"virtual","11":"sold-individually","12":"purchasable","13":"product-type-booking"},"booking_location":"","booking_location_type":"","booking_duration":180,"booking_duration_unit":"minute","booking_buffer":0,"booking_cost":35,"booking_resources":[],"acf":[],"_links":{"self":[{"href":"https:\/\/volcantrillizosgalapagos.com.ec\/site\/wp-json\/wp\/v2\/product\/1075","targetHints":{"allow":["GET"]}}],"collection":[{"href":"https:\/\/volcantrillizosgalapagos.com.ec\/site\/wp-json\/wp\/v2\/product"}],"about":[{"href":"https:\/\/volcantrillizosgalapagos.com.ec\/site\/wp-json\/wp\/v2\/types\/product"}],"replies":[{"embeddable":true,"href":"https:\/\/volcantrillizosgalapagos.com.ec\/site\/wp-json\/wp\/v2\/comments?post=1075"}],"wp:featuredmedia":[{"embeddable":true,"href":"https:\/\/volcantrillizosgalapagos.com.ec\/site\/wp-json\/wp\/v2\/media\/531"}],"wp:attachment":[{"href":"https:\/\/volcantrillizosgalapagos.com.ec\/site\/wp-json\/wp\/v2\/media?parent=1075"}],"wp:term":[{"taxonomy":"product_brand","embeddable":true,"href":"https:\/\/volcantrillizosgalapagos.com.ec\/site\/wp-json\/wp\/v2\/product_brand?post=1075"},{"taxonomy":"product_cat","embeddable":true,"href":"https:\/\/volcantrillizosgalapagos.com.ec\/site\/wp-json\/wp\/v2\/product_cat?post=1075"},{"taxonomy":"product_tag","embeddable":true,"href":"https:\/\/volcantrillizosgalapagos.com.ec\/site\/wp-json\/wp\/v2\/product_tag?post=1075"}],"curies":[{"name":"wp","href":"https:\/\/api.w.org\/{rel}","templated":true}]}}