{"id":1206,"date":"2024-06-07T05:30:23","date_gmt":"2024-06-07T05:30:23","guid":{"rendered":"https:\/\/volcantrillizosgalapagos.com.ec\/site\/?post_type=product&#038;p=1206"},"modified":"2024-06-07T05:34:54","modified_gmt":"2024-06-07T05:34:54","slug":"seymour-norte","status":"publish","type":"product","link":"https:\/\/volcantrillizosgalapagos.com.ec\/site\/producto\/seymour-norte\/","title":{"rendered":"Seymour Norte"},"content":{"rendered":"<p>A partir de las 8h00 Am el Transporte los recoger\u00e1n en el hotel o alojamiento para ser traslado al canal atabaca cerca de 45 minutos. Luego subimos en el yate que nos trasladar\u00e1 hacia la isla de Seymour Norte un viaje de 1 hora y 30 minutos.<\/p>\n<p>Una vez que se llega a Seymour norte empieza la caminata de 1 hora y 30 minutos. Aqu\u00ed podr\u00e1s tomar fotograf\u00eda a iguanas terrestre end\u00e9micas de gal\u00e1pagos al igual que fragatas y flamencos<\/p>\n<p>En esta isla existe una gran cantidad de piquero patas azules, al igual que lobos marinos, garza azul y gaviotas de lava.<\/p>\n<p>Luego de almorzar a bordo del yate, nos trasladamos hacia las playas aleda\u00f1as del sitio para hacer el snorkeling con tiburones bebes y lobos marinos.<\/p>\n","protected":false},"excerpt":{"rendered":"<p>A partir de las 8h00 Am el Transporte los recoger\u00e1n en el hotel o alojamiento para ser traslado al canal atabaca cerca de 45 minutos. Luego subimos en el yate que nos trasladar\u00e1 hacia la isla de Seymour Norte un viaje de 1 hora y 30 minutos. Una vez que se llega a Seymour norte [&hellip;]<\/p>\n","protected":false},"featured_media":1213,"comment_status":"open","ping_status":"closed","template":"","meta":{"_acf_changed":false},"product_brand":[],"product_cat":[34],"product_tag":[],"class_list":{"0":"post-1206","1":"product","2":"type-product","3":"status-publish","4":"has-post-thumbnail","6":"product_cat-isla-santa-cruz","8":"first","9":"instock","10":"virtual","11":"sold-individually","12":"purchasable","13":"product-type-booking"},"booking_location":"","booking_location_type":"","booking_duration":1,"booking_duration_unit":"day","booking_buffer":1,"booking_cost":350,"booking_resources":[],"acf":[],"_links":{"self":[{"href":"https:\/\/volcantrillizosgalapagos.com.ec\/site\/wp-json\/wp\/v2\/product\/1206","targetHints":{"allow":["GET"]}}],"collection":[{"href":"https:\/\/volcantrillizosgalapagos.com.ec\/site\/wp-json\/wp\/v2\/product"}],"about":[{"href":"https:\/\/volcantrillizosgalapagos.com.ec\/site\/wp-json\/wp\/v2\/types\/product"}],"replies":[{"embeddable":true,"href":"https:\/\/volcantrillizosgalapagos.com.ec\/site\/wp-json\/wp\/v2\/comments?post=1206"}],"wp:featuredmedia":[{"embeddable":true,"href":"https:\/\/volcantrillizosgalapagos.com.ec\/site\/wp-json\/wp\/v2\/media\/1213"}],"wp:attachment":[{"href":"https:\/\/volcantrillizosgalapagos.com.ec\/site\/wp-json\/wp\/v2\/media?parent=1206"}],"wp:term":[{"taxonomy":"product_brand","embeddable":true,"href":"https:\/\/volcantrillizosgalapagos.com.ec\/site\/wp-json\/wp\/v2\/product_brand?post=1206"},{"taxonomy":"product_cat","embeddable":true,"href":"https:\/\/volcantrillizosgalapagos.com.ec\/site\/wp-json\/wp\/v2\/product_cat?post=1206"},{"taxonomy":"product_tag","embeddable":true,"href":"https:\/\/volcantrillizosgalapagos.com.ec\/site\/wp-json\/wp\/v2\/product_tag?post=1206"}],"curies":[{"name":"wp","href":"https:\/\/api.w.org\/{rel}","templated":true}]}}